{"id":29057,"date":"2022-10-12T10:12:09","date_gmt":"2022-10-12T08:12:09","guid":{"rendered":"https:\/\/crosets-relais.ch\/?page_id=29057"},"modified":"2022-10-31T13:29:37","modified_gmt":"2022-10-31T12:29:37","slug":"suite-montagnarde","status":"publish","type":"page","link":"https:\/\/crosets-relais.ch\/de\/suite-montagnarde\/","title":{"rendered":"Die Berg-Suite"},"content":{"rendered":"<p>[et_pb_section fb_built=\u00a0\u00bb1&Prime; admin_label=\u00a0\u00bbHeader\u00a0\u00bb _builder_version=\u00a0\u00bb4.17.6&Prime; use_background_color_gradient=\u00a0\u00bbon\u00a0\u00bb background_color_gradient_type=\u00a0\u00bbcircular\u00a0\u00bb background_color_gradient_direction_radial=\u00a0\u00bbtop left\u00a0\u00bb background_color_gradient_stops=\u00a0\u00bbrgba(255,255,255,0.89) 30%|rgba(255,255,255,0) 80%\u00a0\u00bb background_color_gradient_overlays_image=\u00a0\u00bbon\u00a0\u00bb background_color_gradient_start=\u00a0\u00bbrgba(255,255,255,0.89)\u00a0\u00bb background_color_gradient_start_position=\u00a0\u00bb30%\u00a0\u00bb background_color_gradient_end=\u00a0\u00bbrgba(255,255,255,0)\u00a0\u00bb background_color_gradient_end_position=\u00a0\u00bb80%\u00a0\u00bb background_image=\u00a0\u00bbhttps:\/\/crosets-relais.ch\/wp-content\/uploads\/2022\/09\/IMG20220831145716-scaled.jpg\u00a0\u00bb custom_padding=\u00a0\u00bb8vw|0px|0|0px|false|false\u00a0\u00bb global_colors_info=\u00a0\u00bb{}\u00a0\u00bb][et_pb_row _builder_version=\u00a0\u00bb4.16&Prime; global_colors_info=\u00a0\u00bb{}\u00a0\u00bb][et_pb_column type=\u00a0\u00bb4_4&Prime; _builder_version=\u00a0\u00bb4.16&Prime; custom_padding=\u00a0\u00bb|||\u00a0\u00bb global_colors_info=\u00a0\u00bb{}\u00a0\u00bb custom_padding__hover=\u00a0\u00bb|||\u00a0\u00bb][et_pb_text _builder_version=\u00a0\u00bb4.17.6&Prime; text_font=\u00a0\u00bb||||||||\u00a0\u00bb header_font=\u00a0\u00bbRaleway|700|||||||\u00a0\u00bb header_font_size=\u00a0\u00bb80px\u00a0\u00bb header_line_height=\u00a0\u00bb1.2em\u00a0\u00bb header_5_font=\u00a0\u00bbRaleway|700||on|||||\u00a0\u00bb header_5_text_color=\u00a0\u00bb#000000&Prime; header_5_font_size=\u00a0\u00bb20px\u00a0\u00bb header_5_letter_spacing=\u00a0\u00bb0.5em\u00a0\u00bb header_5_line_height=\u00a0\u00bb1.8em\u00a0\u00bb animation_style=\u00a0\u00bbzoom\u00a0\u00bb animation_intensity_zoom=\u00a0\u00bb5%\u00a0\u00bb header_font_size_tablet=\u00a0\u00bb48px\u00a0\u00bb header_font_size_phone=\u00a0\u00bb32px\u00a0\u00bb header_font_size_last_edited=\u00a0\u00bbon|phone\u00a0\u00bb header_5_font_size_tablet=\u00a0\u00bb14px\u00a0\u00bb header_5_font_size_phone=\u00a0\u00bb12px\u00a0\u00bb header_5_font_size_last_edited=\u00a0\u00bbon|desktop\u00a0\u00bb global_colors_info=\u00a0\u00bb{}\u00a0\u00bb]<\/p>\n<h5>Suite<\/h5>\n<h1>Bergsteigerin<\/h1>\n<p>[\/et_pb_text][\/et_pb_column][\/et_pb_row][\/et_pb_section][et_pb_section fb_built=\u00a0\u00bb1&Prime; admin_label=\u00a0\u00bbRoom Details\u00a0\u00bb _builder_version=\u00a0\u00bb4.16&Prime; global_colors_info=\u00a0\u00bb{}\u00a0\u00bb][et_pb_row column_structure=\u00a0\u00bb3_5,2_5&Prime; _builder_version=\u00a0\u00bb4.16&Prime; global_colors_info=\u00a0\u00bb{}\u00a0\u00bb][et_pb_column type=\u00a0\u00bb3_5&Prime; _builder_version=\u00a0\u00bb4.16&Prime; custom_padding=\u00a0\u00bb|||\u00a0\u00bb global_colors_info=\u00a0\u00bb{}\u00a0\u00bb custom_padding__hover=\u00a0\u00bb|||\u00a0\u00bb][et_pb_text _builder_version=\u00a0\u00bb4.17.6&Prime; text_font=\u00a0\u00bb||||||||\u00a0\u00bb text_font_size=\u00a0\u00bb16px\u00a0\u00bb text_line_height=\u00a0\u00bb2em\u00a0\u00bb header_font=\u00a0\u00bb||||||||\u00a0\u00bb header_2_font=\u00a0\u00bbRaleway|700|||||||\u00a0\u00bb header_2_font_size=\u00a0\u00bb50px\u00a0\u00bb header_2_line_height=\u00a0\u00bb1.2em\u00a0\u00bb header_6_font=\u00a0\u00bbRaleway|700||on|||||\u00a0\u00bb header_6_font_size=\u00a0\u00bb16px\u00a0\u00bb header_6_letter_spacing=\u00a0\u00bb5px\u00a0\u00bb header_6_line_height=\u00a0\u00bb1.2em\u00a0\u00bb max_width=\u00a0\u00bb700px\u00a0\u00bb max_width_last_edited=\u00a0\u00bboff|desktop\u00a0\u00bb header_2_font_size_tablet=\u00a0\u00bb35px\u00a0\u00bb header_2_font_size_phone=\u00a0\u00bb25px\u00a0\u00bb header_2_font_size_last_edited=\u00a0\u00bbon|phone\u00a0\u00bb global_colors_info=\u00a0\u00bb{}\u00a0\u00bb]<\/p>\n<p>Unser bestes Zimmer mit einem atemberaubenden Blick auf die Berge und die Zacken des S\u00fcdens. Genie\u00dfen Sie auch Ihre kleine Sitzecke, um sich nach einem langen Spaziergang oder Skitag auszuruhen.\u00a0<\/p>\n<p>Das Zimmer umfasst:\u00a0<\/p>\n<ul>\n<li>Fr\u00fchst\u00fcck inklusive<\/li>\n<li>2 nebeneinander stehende Betten<\/li>\n<li>1 Sofa<\/li>\n<li>1 Mezzanin<\/li>\n<li>Fernsehen<\/li>\n<li>Kostenlose WiFi-Verbindung<\/li>\n<li>Dusche \/ WC<\/li>\n<li>Toilettenartikel<\/li>\n<li>Balkon<\/li>\n<li>Nichtraucher<\/li>\n<\/ul>\n<p>[\/et_pb_text][\/et_pb_column][et_pb_column type=\u00a0\u00bb2_5&Prime; _builder_version=\u00a0\u00bb4.16&Prime; custom_padding=\u00a0\u00bb|||\u00a0\u00bb global_colors_info=\u00a0\u00bb{}\u00a0\u00bb custom_padding__hover=\u00a0\u00bb|||\u00a0\u00bb][et_pb_text _builder_version=\u00a0\u00bb4.17.6&Prime; _module_preset=\u00a0\u00bbdefault\u00a0\u00bb header_font=\u00a0\u00bbRaleway||||||||\u00a0\u00bb header_font_size=\u00a0\u00bb38px\u00a0\u00bb global_colors_info=\u00a0\u00bb{}\u00a0\u00bb]<\/p>\n<p style=\"text-align: left;\">Ab<\/p>\n<h1 style=\"text-align: left;\">165.00 CHF.- \/ Nacht<\/h1>\n<p>[\/et_pb_text][et_pb_button button_url=\u00a0\u00bbhttps:\/\/crosets-relais.ch\/contact\u00a0\u00bb button_text=\u00a0\u00bbR\u00e9server cette chambre\u00a0\u00bb button_alignment=\u00a0\u00bbcenter\u00a0\u00bb _builder_version=\u00a0\u00bb4.17.6&Prime; _module_preset=\u00a0\u00bbdefault\u00a0\u00bb custom_button=\u00a0\u00bbon\u00a0\u00bb button_text_color=\u00a0\u00bb#FFFFFF\u00a0\u00bb button_bg_color=\u00a0\u00bb#0C71C3&Prime; global_colors_info=\u00a0\u00bb{}\u00a0\u00bb][\/et_pb_button][\/et_pb_column][\/et_pb_row][et_pb_row column_structure=\u00a0\u00bb1_6,1_6,1_6,1_2&Prime; _builder_version=\u00a0\u00bb4.16&Prime; custom_padding=\u00a0\u00bb0|0px|27px|0px|false|false\u00a0\u00bb global_colors_info=\u00a0\u00bb{}\u00a0\u00bb][et_pb_column type=\u00a0\u00bb1_6&Prime; _builder_version=\u00a0\u00bb4.16&Prime; custom_padding=\u00a0\u00bb|||\u00a0\u00bb global_colors_info=\u00a0\u00bb{}\u00a0\u00bb custom_padding__hover=\u00a0\u00bb|||\u00a0\u00bb][et_pb_number_counter title=\u00a0\u00bbWC \/ douche privatif\u00a0\u00bb number=\u00a0\u00bb1&Prime; percent_sign=\u00a0\u00bboff\u00a0\u00bb _builder_version=\u00a0\u00bb4.17.6&Prime; title_font=\u00a0\u00bb||||||||\u00a0\u00bb title_text_color=\u00a0\u00bb#666666&Prime; title_font_size=\u00a0\u00bb14px\u00a0\u00bb number_font=\u00a0\u00bbRaleway|700|||||||\u00a0\u00bb number_text_color=\u00a0\u00bb#b2b9c4&Prime; number_font_size=\u00a0\u00bb48px\u00a0\u00bb number_line_height=\u00a0\u00bb100px\u00a0\u00bb locked=\u00a0\u00bboff\u00a0\u00bb global_colors_info=\u00a0\u00bb{}\u00a0\u00bb][\/et_pb_number_counter][\/et_pb_column][et_pb_column type=\u00a0\u00bb1_6&Prime; _builder_version=\u00a0\u00bb4.16&Prime; custom_padding=\u00a0\u00bb|||\u00a0\u00bb global_colors_info=\u00a0\u00bb{}\u00a0\u00bb custom_padding__hover=\u00a0\u00bb|||\u00a0\u00bb][et_pb_number_counter title=\u00a0\u00bbconnexion WiFi\u00a0\u00bb number=\u00a0\u00bb1&Prime; percent_sign=\u00a0\u00bboff\u00a0\u00bb _builder_version=\u00a0\u00bb4.17.6&Prime; title_font=\u00a0\u00bb||||||||\u00a0\u00bb title_text_color=\u00a0\u00bb#666666&Prime; title_font_size=\u00a0\u00bb14px\u00a0\u00bb number_font=\u00a0\u00bbRaleway|700|||||||\u00a0\u00bb number_text_color=\u00a0\u00bb#b2b9c4&Prime; number_font_size=\u00a0\u00bb48px\u00a0\u00bb number_line_height=\u00a0\u00bb100px\u00a0\u00bb locked=\u00a0\u00bboff\u00a0\u00bb global_colors_info=\u00a0\u00bb{}\u00a0\u00bb][\/et_pb_number_counter][\/et_pb_column][et_pb_column type=\u00a0\u00bb1_6&Prime; _builder_version=\u00a0\u00bb4.16&Prime; custom_padding=\u00a0\u00bb|||\u00a0\u00bb global_colors_info=\u00a0\u00bb{}\u00a0\u00bb custom_padding__hover=\u00a0\u00bb|||\u00a0\u00bb][et_pb_number_counter title=\u00a0\u00bbclients satisfaits\u00a0\u00bb number=\u00a0\u00bb1000&Prime; percent_sign=\u00a0\u00bboff\u00a0\u00bb _builder_version=\u00a0\u00bb4.17.6&Prime; title_font=\u00a0\u00bb||||||||\u00a0\u00bb title_text_color=\u00a0\u00bb#666666&Prime; title_font_size=\u00a0\u00bb14px\u00a0\u00bb number_font=\u00a0\u00bbRaleway|700|||||||\u00a0\u00bb number_text_color=\u00a0\u00bb#b2b9c4&Prime; number_font_size=\u00a0\u00bb48px\u00a0\u00bb number_line_height=\u00a0\u00bb100px\u00a0\u00bb locked=\u00a0\u00bboff\u00a0\u00bb global_colors_info=\u00a0\u00bb{}\u00a0\u00bb][\/et_pb_number_counter][\/et_pb_column][et_pb_column type=\u00a0\u00bb1_2&Prime; _builder_version=\u00a0\u00bb4.16&Prime; custom_padding=\u00a0\u00bb|||\u00a0\u00bb global_colors_info=\u00a0\u00bb{}\u00a0\u00bb custom_padding__hover=\u00a0\u00bb|||\u00a0\u00bb][\/et_pb_column][\/et_pb_row][et_pb_row _builder_version=\u00a0\u00bb4.16&Prime; locked=\u00a0\u00bboff\u00a0\u00bb global_colors_info=\u00a0\u00bb{}\u00a0\u00bb][et_pb_column type=\u00a0\u00bb4_4&Prime; _builder_version=\u00a0\u00bb4.16&Prime; custom_padding=\u00a0\u00bb|||\u00a0\u00bb global_colors_info=\u00a0\u00bb{}\u00a0\u00bb custom_padding__hover=\u00a0\u00bb|||\u00a0\u00bb][et_pb_image src=\u00a0\u00bbhttps:\/\/crosets-relais.ch\/wp-content\/uploads\/2022\/09\/IMG20220831145711-scaled.jpg\u00a0\u00bb title_text=\u00a0\u00bbIMG20220831145711&Prime; _builder_version=\u00a0\u00bb4.17.6&Prime; _module_preset=\u00a0\u00bbdefault\u00a0\u00bb filter_brightness=\u00a0\u00bb148%\u00a0\u00bb global_colors_info=\u00a0\u00bb{}\u00a0\u00bb][\/et_pb_image][\/et_pb_column][\/et_pb_row][et_pb_row column_structure=\u00a0\u00bb1_4,1_4,1_4,1_4&Prime; use_custom_gutter=\u00a0\u00bbon\u00a0\u00bb gutter_width=\u00a0\u00bb2&Prime; _builder_version=\u00a0\u00bb4.17.6&Prime; locked=\u00a0\u00bboff\u00a0\u00bb global_colors_info=\u00a0\u00bb{}\u00a0\u00bb][et_pb_column type=\u00a0\u00bb1_4&Prime; _builder_version=\u00a0\u00bb4.16&Prime; custom_padding=\u00a0\u00bb|||\u00a0\u00bb global_colors_info=\u00a0\u00bb{}\u00a0\u00bb custom_padding__hover=\u00a0\u00bb|||\u00a0\u00bb][et_pb_image src=\u00a0\u00bbhttps:\/\/crosets-relais.ch\/wp-content\/uploads\/2022\/09\/IMG20220831145754-scaled.jpg\u00a0\u00bb title_text=\u00a0\u00bbIMG20220831145754&Prime; show_in_lightbox=\u00a0\u00bbon\u00a0\u00bb use_overlay=\u00a0\u00bbon\u00a0\u00bb overlay_icon_color=\u00a0\u00bb#b2b9c4&Prime; align_tablet=\u00a0\u00bbcenter\u00a0\u00bb align_phone=\u00a0\u00bbcenter\u00a0\u00bb align_last_edited=\u00a0\u00bbon|desktop\u00a0\u00bb _builder_version=\u00a0\u00bb4.17.6&Prime; filter_brightness=\u00a0\u00bb126%\u00a0\u00bb global_colors_info=\u00a0\u00bb{}\u00a0\u00bb][\/et_pb_image][\/et_pb_column][et_pb_column type=\u00a0\u00bb1_4&Prime; _builder_version=\u00a0\u00bb4.16&Prime; custom_padding=\u00a0\u00bb|||\u00a0\u00bb global_colors_info=\u00a0\u00bb{}\u00a0\u00bb custom_padding__hover=\u00a0\u00bb|||\u00a0\u00bb][et_pb_image src=\u00a0\u00bbhttps:\/\/crosets-relais.ch\/wp-content\/uploads\/2022\/09\/IMG20220831145817-scaled.jpg\u00a0\u00bb title_text=\u00a0\u00bbIMG20220831145817&Prime; _builder_version=\u00a0\u00bb4.17.6&Prime; _module_preset=\u00a0\u00bbdefault\u00a0\u00bb filter_brightness=\u00a0\u00bb126%\u00a0\u00bb global_colors_info=\u00a0\u00bb{}\u00a0\u00bb][\/et_pb_image][\/et_pb_column][et_pb_column type=\u00a0\u00bb1_4&Prime; _builder_version=\u00a0\u00bb4.16&Prime; custom_padding=\u00a0\u00bb|||\u00a0\u00bb global_colors_info=\u00a0\u00bb{}\u00a0\u00bb custom_padding__hover=\u00a0\u00bb|||\u00a0\u00bb][et_pb_image src=\u00a0\u00bbhttps:\/\/crosets-relais.ch\/wp-content\/uploads\/2022\/09\/IMG20220831145627-scaled.jpg\u00a0\u00bb title_text=\u00a0\u00bbIMG20220831145627&Prime; _builder_version=\u00a0\u00bb4.17.6&Prime; _module_preset=\u00a0\u00bbdefault\u00a0\u00bb filter_brightness=\u00a0\u00bb126%\u00a0\u00bb global_colors_info=\u00a0\u00bb{}\u00a0\u00bb][\/et_pb_image][\/et_pb_column][et_pb_column type=\u00a0\u00bb1_4&Prime; _builder_version=\u00a0\u00bb4.16&Prime; custom_padding=\u00a0\u00bb|||\u00a0\u00bb global_colors_info=\u00a0\u00bb{}\u00a0\u00bb custom_padding__hover=\u00a0\u00bb|||\u00a0\u00bb][et_pb_image src=\u00a0\u00bbhttps:\/\/crosets-relais.ch\/wp-content\/uploads\/2022\/09\/IMG20220831145732-scaled.jpg\u00a0\u00bb title_text=\u00a0\u00bbIMG20220831145732&Prime; force_fullwidth=\u00a0\u00bbon\u00a0\u00bb _builder_version=\u00a0\u00bb4.17.6&Prime; _module_preset=\u00a0\u00bbdefault\u00a0\u00bb height=\u00a0\u00bb184px\u00a0\u00bb global_colors_info=\u00a0\u00bb{}\u00a0\u00bb][\/et_pb_image][\/et_pb_column][\/et_pb_row][\/et_pb_section][et_pb_section fb_built=\u00a0\u00bb1&Prime; admin_label=\u00a0\u00bbTestimonials\u00a0\u00bb _builder_version=\u00a0\u00bb4.17.6&Prime; use_background_color_gradient=\u00a0\u00bbon\u00a0\u00bb background_color_gradient_stops=\u00a0\u00bbrgba(106,125,140,0.5) 0%|#6a7d8c 100%\u00a0\u00bb background_color_gradient_overlays_image=\u00a0\u00bbon\u00a0\u00bb background_color_gradient_start=\u00a0\u00bbrgba(106,125,140,0.5)\u00a0\u00bb background_color_gradient_end=\u00a0\u00bb#6a7d8c\u00a0\u00bb background_image=\u00a0\u00bbhttps:\/\/crosets-relais.ch\/wp-content\/uploads\/2022\/09\/IMG20220831145716-scaled.jpg\u00a0\u00bb custom_padding=\u00a0\u00bb3vw|0px|3vw|0px|true|false\u00a0\u00bb global_colors_info=\u00a0\u00bb{}\u00a0\u00bb][et_pb_row _builder_version=\u00a0\u00bb4.16&Prime; global_colors_info=\u00a0\u00bb{}\u00a0\u00bb][et_pb_column type=\u00a0\u00bb4_4&Prime; _builder_version=\u00a0\u00bb4.16&Prime; custom_padding=\u00a0\u00bb|||\u00a0\u00bb global_colors_info=\u00a0\u00bb{}\u00a0\u00bb custom_padding__hover=\u00a0\u00bb|||\u00a0\u00bb][et_pb_testimonial author=\u00a0\u00bbKristian Albrecht\u00a0\u00bb portrait_url=\u00a0\u00bbhttps:\/\/crosets-relais.ch\/wp-content\/uploads\/2022\/10\/Kristian-Albrecht.png\u00a0\u00bb quote_icon=\u00a0\u00bboff\u00a0\u00bb _builder_version=\u00a0\u00bb4.17.6&Prime; body_font=\u00a0\u00bbRaleway||on||||||\u00a0\u00bb body_font_size=\u00a0\u00bb16px\u00a0\u00bb body_line_height=\u00a0\u00bb1.6em\u00a0\u00bb use_background_color=\u00a0\u00bboff\u00a0\u00bb background_layout=\u00a0\u00bbdark\u00a0\u00bb max_width=\u00a0\u00bb600px\u00a0\u00bb module_alignment=\u00a0\u00bbcenter\u00a0\u00bb custom_margin_tablet=\u00a0\u00bb|40px||40px||true\u00a0\u00bb animation_style=\u00a0\u00bbslide\u00a0\u00bb animation_direction=\u00a0\u00bbbottom\u00a0\u00bb animation_intensity_slide=\u00a0\u00bb5%\u00a0\u00bb box_shadow_style_image=\u00a0\u00bbpreset1&Prime; box_shadow_vertical_image=\u00a0\u00bb10px\u00a0\u00bb box_shadow_blur_image=\u00a0\u00bb60px\u00a0\u00bb box_shadow_spread_image=\u00a0\u00bb10px\u00a0\u00bb global_colors_info=\u00a0\u00bb{}\u00a0\u00bb]<\/p>\n<p><span>Wundersch\u00f6ne Umgebung in den Bergen. Hatte eine sch\u00f6ne R\u00f6sti mit Wildfleisch. Sowohl der Besitzer als auch das Personal waren sehr freundlich und hilfsbereit. Hatte einen wirklich angenehmen Abend.<\/span><\/p>\n<p>[\/et_pb_testimonial][et_pb_testimonial author=\u00a0\u00bbRic Robinson-Horley\u00a0\u00bb portrait_url=\u00a0\u00bbhttps:\/\/crosets-relais.ch\/wp-content\/uploads\/2022\/10\/ric.png\u00a0\u00bb quote_icon=\u00a0\u00bboff\u00a0\u00bb _builder_version=\u00a0\u00bb4.17.6&Prime; body_font=\u00a0\u00bbRaleway||on||||||\u00a0\u00bb body_font_size=\u00a0\u00bb16px\u00a0\u00bb body_line_height=\u00a0\u00bb1.6em\u00a0\u00bb use_background_color=\u00a0\u00bboff\u00a0\u00bb background_layout=\u00a0\u00bbdark\u00a0\u00bb max_width=\u00a0\u00bb600px\u00a0\u00bb module_alignment=\u00a0\u00bbcenter\u00a0\u00bb custom_margin_tablet=\u00a0\u00bb|40px||40px||true\u00a0\u00bb animation_style=\u00a0\u00bbslide\u00a0\u00bb animation_direction=\u00a0\u00bbbottom\u00a0\u00bb animation_intensity_slide=\u00a0\u00bb5%\u00a0\u00bb box_shadow_style_image=\u00a0\u00bbpreset1&Prime; box_shadow_vertical_image=\u00a0\u00bb10px\u00a0\u00bb box_shadow_blur_image=\u00a0\u00bb60px\u00a0\u00bb box_shadow_spread_image=\u00a0\u00bb10px\u00a0\u00bb locked=\u00a0\u00bboff\u00a0\u00bb global_colors_info=\u00a0\u00bb{}\u00a0\u00bb]<\/p>\n<p><span>Mitten im Nirgendwo, aber mit fantastischer Aussicht auf halber H\u00f6he eines Berges. Tolles, herzhaftes Essen und einen Besuch zum Mittagessen wert, wenn die Sonne scheint und man einen Tisch auf der Terrasse ergattern kann.<\/span><\/p>\n<p>[\/et_pb_testimonial][et_pb_testimonial author=\u00a0\u00bbPatricia Calame\u00a0\u00bb portrait_url=\u00a0\u00bbhttps:\/\/crosets-relais.ch\/wp-content\/uploads\/2022\/10\/patricia-1.png\u00a0\u00bb quote_icon=\u00a0\u00bboff\u00a0\u00bb _builder_version=\u00a0\u00bb4.17.6&Prime; body_font=\u00a0\u00bbRaleway||on||||||\u00a0\u00bb body_font_size=\u00a0\u00bb16px\u00a0\u00bb body_line_height=\u00a0\u00bb1.6em\u00a0\u00bb use_background_color=\u00a0\u00bboff\u00a0\u00bb background_layout=\u00a0\u00bbdark\u00a0\u00bb max_width=\u00a0\u00bb600px\u00a0\u00bb module_alignment=\u00a0\u00bbcenter\u00a0\u00bb custom_margin_tablet=\u00a0\u00bb|40px||40px||true\u00a0\u00bb animation_style=\u00a0\u00bbslide\u00a0\u00bb animation_direction=\u00a0\u00bbbottom\u00a0\u00bb animation_intensity_slide=\u00a0\u00bb5%\u00a0\u00bb box_shadow_style_image=\u00a0\u00bbpreset1&Prime; box_shadow_vertical_image=\u00a0\u00bb10px\u00a0\u00bb box_shadow_blur_image=\u00a0\u00bb60px\u00a0\u00bb box_shadow_spread_image=\u00a0\u00bb10px\u00a0\u00bb locked=\u00a0\u00bboff\u00a0\u00bb global_colors_info=\u00a0\u00bb{}\u00a0\u00bb]<\/p>\n<p><span>Atemberaubende Aussicht auf die Dents du Midi. Gutes Restaurant mit Schweizer Spezialit\u00e4ten.<\/span><br \/><span>Saison d&rsquo;\u00e9t\u00e9 il y a beaucoup d&rsquo;animaux pour le plaisir des petits et des grands.<\/span><br \/><span>Place de jeux et ch\u00e2teau gonflable. \ud83d\udc4d\ud83d\ude0e<\/span><\/p>\n<p>[\/et_pb_testimonial][\/et_pb_column][\/et_pb_row][\/et_pb_section]<\/p>","protected":false},"excerpt":{"rendered":"<p>Suite MontagnardeNotre meilleure chambre avec une vue imprenable sur la montagne et les dents du midi. Profitez aussi de votre petit coin salon afin de vous reposer apr\u00e8s une longue promenade ou journ\u00e9e de ski.\u00a0 La chambre comprend:\u00a0 Petit d\u00e9jeuner inclus 2 lits c\u00f4te \u00e0 c\u00f4te 1 canap\u00e9 1 mezzanine La t\u00e9l\u00e9vision Connexion WiFi gratuit [&hellip;]<\/p>","protected":false},"author":1,"featured_media":0,"parent":0,"menu_order":0,"comment_status":"closed","ping_status":"closed","template":"","meta":{"_et_pb_use_builder":"on","_et_pb_old_content":"","_et_gb_content_width":"","footnotes":""},"class_list":["post-29057","page","type-page","status-publish","hentry"],"_links":{"self":[{"href":"https:\/\/crosets-relais.ch\/de\/wp-json\/wp\/v2\/pages\/29057","targetHints":{"allow":["GET"]}}],"collection":[{"href":"https:\/\/crosets-relais.ch\/de\/wp-json\/wp\/v2\/pages"}],"about":[{"href":"https:\/\/crosets-relais.ch\/de\/wp-json\/wp\/v2\/types\/page"}],"author":[{"embeddable":true,"href":"https:\/\/crosets-relais.ch\/de\/wp-json\/wp\/v2\/users\/1"}],"replies":[{"embeddable":true,"href":"https:\/\/crosets-relais.ch\/de\/wp-json\/wp\/v2\/comments?post=29057"}],"version-history":[{"count":7,"href":"https:\/\/crosets-relais.ch\/de\/wp-json\/wp\/v2\/pages\/29057\/revisions"}],"predecessor-version":[{"id":29220,"href":"https:\/\/crosets-relais.ch\/de\/wp-json\/wp\/v2\/pages\/29057\/revisions\/29220"}],"wp:attachment":[{"href":"https:\/\/crosets-relais.ch\/de\/wp-json\/wp\/v2\/media?parent=29057"}],"curies":[{"name":"wp","href":"https:\/\/api.w.org\/{rel}","templated":true}]}}